
{"id":118,"date":"2022-12-21T07:54:32","date_gmt":"2022-12-21T06:54:32","guid":{"rendered":"https:\/\/audio.burkay.at\/?page_id=118"},"modified":"2022-12-21T08:03:58","modified_gmt":"2022-12-21T07:03:58","slug":"about","status":"publish","type":"page","link":"https:\/\/audio.burkay.at\/index.php\/home\/about\/","title":{"rendered":"about"},"content":{"rendered":"\n<p>Kay Burki |Freelance Audio Engineer &amp; Sound Designer<\/p>\n\n\n\n<p>Kompetenz und Engagement geh\u00f6ren zum guten Ton.<br>Guter Ton geh\u00f6rt zu jeder Veranstaltung und Aufnahme.<\/p>\n\n\n\n<p>Professioneller Allround-Tontechniker seit 1996:<\/p>\n\n\n\n<p>Von Planung bis Ausf\u00fchrung von Events, Theaterproduktionen, Konzerten, Konferenzen aber auch kleine Aufnahmen vor Ort von z.B. Klassik Ensembles, Klavier, Ch\u00f6ren.<br>Mastering und STEM Mastering f\u00fcr Bands und elektronische Musik.<\/p>\n\n\n\n<p>Geboren 1973 in Nimwegen, Niederlande.<\/p>\n\n\n\n<p>1996: SAE Amsterdam, NL.<br>Audio Engineer Diploma (AED).<\/p>\n\n\n\n<p>Seitdem hauptberuflich Tontechniker.<br>Angefangen hat es im Kulturzentrum Tagrijn in Hilversum, NL:<br>Technische Leitung sowie System-, FOH-, Monitor-Techniker f\u00fcr verschiedenste nationale und internationale Acts.<\/p>\n\n\n\n<p>Dann Wechsel zum Nederlands Dans Theater in Den Haag, NL.<br>Tontechniker der ersten Kompanie NDT1.<\/p>\n\n\n\n<p>2001 Umzug nach \u00d6sterreich.<br>Anfangs als Tontechniker f\u00fcr Fantasy Veranstaltungstechnik in Innsbruck.<\/p>\n\n\n\n<p>2004 dann wieder zur\u00fcck ins Theater.<br>Diesmal als Leiter der Tonabteilung des Stadttheaters St. P\u00f6lten, welches ein Jahr sp\u00e4ter Landestheater Nieder\u00f6sterreich wurde.<\/p>\n\n\n\n<p>Seit 2009 nebenbei als freiberuflicher Tontechniker in Grafenegg f\u00fcr Musiksommer und Festival t\u00e4tig.<\/p>\n\n\n\n<p>Seit Sommer 2012 ausschlie\u00dflich als freiberuflicher Tontechniker t\u00e4tig.<\/p>\n\n\n\n<p>SPRACHEN:<br>Niederl\u00e4ndisch: Muttersprache<br>Deutsch: Verhandlungssicher<br>Englisch: Flie\u00dfend in Wort und Schrift<br>Franz\u00f6sisch: Grundkenntnisse<\/p>\n\n\n\n<p>HOBBIES:<br>Musik, Reisen, Geografie, Fotografie, Kunst &amp; Kultur, Natur, Sport<\/p>\n\n\n\n<p>Zertifikate:<br>d&amp;b Audiotechnik &#8211; Sound System Optimisation Seminar<br>Merlijn van Veen &#8211; Calibration &amp; Design Techniques for Modern Sound Systems<br>Merlijn van Veen &#8211; Line Arrays, Subwoofer Arrays &amp; Advanced Filters<br>Audinate &#8211; Dante Certified Level 1 &amp; 2<\/p>\n","protected":false},"excerpt":{"rendered":"<p>Kay Burki |Freelance Audio Engineer &amp; Sound Designer Kompetenz und Engagement geh\u00f6ren zum guten Ton.Guter Ton geh\u00f6rt zu jeder Veranstaltung und Aufnahme. Professioneller Allround-Tontechniker seit 1996: Von Planung bis Ausf\u00fchrung von Events, Theaterproduktionen, Konzerten, Konferenzen aber auch kleine Aufnahmen vor Ort von z.B. Klassik Ensembles, Klavier, Ch\u00f6ren.Mastering und STEM Mastering f\u00fcr Bands und elektronische Musik. [&hellip;]<\/p>\n","protected":false},"author":1,"featured_media":0,"parent":15,"menu_order":0,"comment_status":"closed","ping_status":"closed","template":"","meta":{"footnotes":""},"class_list":["post-118","page","type-page","status-publish","hentry"],"yoast_head":"<!-- This site is optimized with the Yoast SEO plugin v23.1 - https:\/\/yoast.com\/wordpress\/plugins\/seo\/ -->\n<title>about - audio.burkay.at<\/title>\n<meta name=\"robots\" content=\"index, follow, max-snippet:-1, max-image-preview:large, max-video-preview:-1\" \/>\n<link rel=\"canonical\" href=\"https:\/\/audio.burkay.at\/index.php\/home\/about\/\" \/>\n<meta property=\"og:locale\" content=\"de_DE\" \/>\n<meta property=\"og:type\" content=\"article\" \/>\n<meta property=\"og:title\" content=\"about - audio.burkay.at\" \/>\n<meta property=\"og:description\" content=\"Kay Burki |Freelance Audio Engineer &amp; Sound Designer Kompetenz und Engagement geh\u00f6ren zum guten Ton.Guter Ton geh\u00f6rt zu jeder Veranstaltung und Aufnahme. Professioneller Allround-Tontechniker seit 1996: Von Planung bis Ausf\u00fchrung von Events, Theaterproduktionen, Konzerten, Konferenzen aber auch kleine Aufnahmen vor Ort von z.B. Klassik Ensembles, Klavier, Ch\u00f6ren.Mastering und STEM Mastering f\u00fcr Bands und elektronische Musik. [&hellip;]\" \/>\n<meta property=\"og:url\" content=\"https:\/\/audio.burkay.at\/index.php\/home\/about\/\" \/>\n<meta property=\"og:site_name\" content=\"audio.burkay.at\" \/>\n<meta property=\"article:modified_time\" content=\"2022-12-21T07:03:58+00:00\" \/>\n<meta name=\"twitter:card\" content=\"summary_large_image\" \/>\n<meta name=\"twitter:label1\" content=\"Gesch\u00e4tzte Lesezeit\" \/>\n\t<meta name=\"twitter:data1\" content=\"2\u00a0Minuten\" \/>\n<script type=\"application\/ld+json\" class=\"yoast-schema-graph\">{\"@context\":\"https:\/\/schema.org\",\"@graph\":[{\"@type\":\"WebPage\",\"@id\":\"https:\/\/audio.burkay.at\/index.php\/home\/about\/\",\"url\":\"https:\/\/audio.burkay.at\/index.php\/home\/about\/\",\"name\":\"about - audio.burkay.at\",\"isPartOf\":{\"@id\":\"https:\/\/audio.burkay.at\/#website\"},\"datePublished\":\"2022-12-21T06:54:32+00:00\",\"dateModified\":\"2022-12-21T07:03:58+00:00\",\"breadcrumb\":{\"@id\":\"https:\/\/audio.burkay.at\/index.php\/home\/about\/#breadcrumb\"},\"inLanguage\":\"de\",\"potentialAction\":[{\"@type\":\"ReadAction\",\"target\":[\"https:\/\/audio.burkay.at\/index.php\/home\/about\/\"]}]},{\"@type\":\"BreadcrumbList\",\"@id\":\"https:\/\/audio.burkay.at\/index.php\/home\/about\/#breadcrumb\",\"itemListElement\":[{\"@type\":\"ListItem\",\"position\":1,\"name\":\"Home\",\"item\":\"https:\/\/audio.burkay.at\/\"},{\"@type\":\"ListItem\",\"position\":2,\"name\":\"audio.burkay.at\",\"item\":\"https:\/\/audio.burkay.at\/\"},{\"@type\":\"ListItem\",\"position\":3,\"name\":\"about\"}]},{\"@type\":\"WebSite\",\"@id\":\"https:\/\/audio.burkay.at\/#website\",\"url\":\"https:\/\/audio.burkay.at\/\",\"name\":\"audio.burkay.at\",\"description\":\"Kay Burki : audio engineer | sound designer\",\"publisher\":{\"@id\":\"https:\/\/audio.burkay.at\/#organization\"},\"potentialAction\":[{\"@type\":\"SearchAction\",\"target\":{\"@type\":\"EntryPoint\",\"urlTemplate\":\"https:\/\/audio.burkay.at\/?s={search_term_string}\"},\"query-input\":\"required name=search_term_string\"}],\"inLanguage\":\"de\"},{\"@type\":\"Organization\",\"@id\":\"https:\/\/audio.burkay.at\/#organization\",\"name\":\"audio.burkay.at\",\"url\":\"https:\/\/audio.burkay.at\/\",\"logo\":{\"@type\":\"ImageObject\",\"inLanguage\":\"de\",\"@id\":\"https:\/\/audio.burkay.at\/#\/schema\/logo\/image\/\",\"url\":\"https:\/\/audio.burkay.at\/wp-content\/uploads\/2023\/05\/HeaderAudio3a.jpg\",\"contentUrl\":\"https:\/\/audio.burkay.at\/wp-content\/uploads\/2023\/05\/HeaderAudio3a.jpg\",\"width\":987,\"height\":252,\"caption\":\"audio.burkay.at\"},\"image\":{\"@id\":\"https:\/\/audio.burkay.at\/#\/schema\/logo\/image\/\"}}]}<\/script>\n<!-- \/ Yoast SEO plugin. -->","yoast_head_json":{"title":"about - audio.burkay.at","robots":{"index":"index","follow":"follow","max-snippet":"max-snippet:-1","max-image-preview":"max-image-preview:large","max-video-preview":"max-video-preview:-1"},"canonical":"https:\/\/audio.burkay.at\/index.php\/home\/about\/","og_locale":"de_DE","og_type":"article","og_title":"about - audio.burkay.at","og_description":"Kay Burki |Freelance Audio Engineer &amp; Sound Designer Kompetenz und Engagement geh\u00f6ren zum guten Ton.Guter Ton geh\u00f6rt zu jeder Veranstaltung und Aufnahme. Professioneller Allround-Tontechniker seit 1996: Von Planung bis Ausf\u00fchrung von Events, Theaterproduktionen, Konzerten, Konferenzen aber auch kleine Aufnahmen vor Ort von z.B. Klassik Ensembles, Klavier, Ch\u00f6ren.Mastering und STEM Mastering f\u00fcr Bands und elektronische Musik. [&hellip;]","og_url":"https:\/\/audio.burkay.at\/index.php\/home\/about\/","og_site_name":"audio.burkay.at","article_modified_time":"2022-12-21T07:03:58+00:00","twitter_card":"summary_large_image","twitter_misc":{"Gesch\u00e4tzte Lesezeit":"2\u00a0Minuten"},"schema":{"@context":"https:\/\/schema.org","@graph":[{"@type":"WebPage","@id":"https:\/\/audio.burkay.at\/index.php\/home\/about\/","url":"https:\/\/audio.burkay.at\/index.php\/home\/about\/","name":"about - audio.burkay.at","isPartOf":{"@id":"https:\/\/audio.burkay.at\/#website"},"datePublished":"2022-12-21T06:54:32+00:00","dateModified":"2022-12-21T07:03:58+00:00","breadcrumb":{"@id":"https:\/\/audio.burkay.at\/index.php\/home\/about\/#breadcrumb"},"inLanguage":"de","potentialAction":[{"@type":"ReadAction","target":["https:\/\/audio.burkay.at\/index.php\/home\/about\/"]}]},{"@type":"BreadcrumbList","@id":"https:\/\/audio.burkay.at\/index.php\/home\/about\/#breadcrumb","itemListElement":[{"@type":"ListItem","position":1,"name":"Home","item":"https:\/\/audio.burkay.at\/"},{"@type":"ListItem","position":2,"name":"audio.burkay.at","item":"https:\/\/audio.burkay.at\/"},{"@type":"ListItem","position":3,"name":"about"}]},{"@type":"WebSite","@id":"https:\/\/audio.burkay.at\/#website","url":"https:\/\/audio.burkay.at\/","name":"audio.burkay.at","description":"Kay Burki : audio engineer | sound designer","publisher":{"@id":"https:\/\/audio.burkay.at\/#organization"},"potentialAction":[{"@type":"SearchAction","target":{"@type":"EntryPoint","urlTemplate":"https:\/\/audio.burkay.at\/?s={search_term_string}"},"query-input":"required name=search_term_string"}],"inLanguage":"de"},{"@type":"Organization","@id":"https:\/\/audio.burkay.at\/#organization","name":"audio.burkay.at","url":"https:\/\/audio.burkay.at\/","logo":{"@type":"ImageObject","inLanguage":"de","@id":"https:\/\/audio.burkay.at\/#\/schema\/logo\/image\/","url":"https:\/\/audio.burkay.at\/wp-content\/uploads\/2023\/05\/HeaderAudio3a.jpg","contentUrl":"https:\/\/audio.burkay.at\/wp-content\/uploads\/2023\/05\/HeaderAudio3a.jpg","width":987,"height":252,"caption":"audio.burkay.at"},"image":{"@id":"https:\/\/audio.burkay.at\/#\/schema\/logo\/image\/"}}]}},"_links":{"self":[{"href":"https:\/\/audio.burkay.at\/index.php\/wp-json\/wp\/v2\/pages\/118","targetHints":{"allow":["GET"]}}],"collection":[{"href":"https:\/\/audio.burkay.at\/index.php\/wp-json\/wp\/v2\/pages"}],"about":[{"href":"https:\/\/audio.burkay.at\/index.php\/wp-json\/wp\/v2\/types\/page"}],"author":[{"embeddable":true,"href":"https:\/\/audio.burkay.at\/index.php\/wp-json\/wp\/v2\/users\/1"}],"replies":[{"embeddable":true,"href":"https:\/\/audio.burkay.at\/index.php\/wp-json\/wp\/v2\/comments?post=118"}],"version-history":[{"count":2,"href":"https:\/\/audio.burkay.at\/index.php\/wp-json\/wp\/v2\/pages\/118\/revisions"}],"predecessor-version":[{"id":126,"href":"https:\/\/audio.burkay.at\/index.php\/wp-json\/wp\/v2\/pages\/118\/revisions\/126"}],"up":[{"embeddable":true,"href":"https:\/\/audio.burkay.at\/index.php\/wp-json\/wp\/v2\/pages\/15"}],"wp:attachment":[{"href":"https:\/\/audio.burkay.at\/index.php\/wp-json\/wp\/v2\/media?parent=118"}],"curies":[{"name":"wp","href":"https:\/\/api.w.org\/{rel}","templated":true}]}}